{"id":1436,"date":"2023-08-22T14:06:53","date_gmt":"2023-08-22T18:06:53","guid":{"rendered":"https:\/\/www.solutions-mesonet.org\/les-valeurs-sm\/"},"modified":"2023-11-14T16:34:10","modified_gmt":"2023-11-14T21:34:10","slug":"our-values","status":"publish","type":"page","link":"https:\/\/www.solutions-mesonet.org\/en\/our-values\/","title":{"rendered":"Our values"},"content":{"rendered":"\t\t<div data-elementor-type=\"wp-page\" data-elementor-id=\"1436\" class=\"elementor elementor-1436 elementor-548\" data-elementor-post-type=\"page\">\n\t\t\t\t<div class=\"elementor-element elementor-element-93fb61d e-flex e-con-boxed e-con e-parent\" data-id=\"93fb61d\" data-element_type=\"container\">\n\t\t\t\t\t<div class=\"e-con-inner\">\n\t\t<div class=\"elementor-element elementor-element-f58ed30 e-con-full e-flex e-con e-child\" data-id=\"f58ed30\" data-element_type=\"container\">\n\t\t\t\t<div class=\"elementor-element elementor-element-8b9c84b elementor-widget elementor-widget-image\" data-id=\"8b9c84b\" data-element_type=\"widget\" data-widget_type=\"image.default\">\n\t\t\t\t<div class=\"elementor-widget-container\">\n\t\t\t\t\t\t\t\t\t\t\t\t\t\t\t<img decoding=\"async\" data-src=\"https:\/\/www.solutions-mesonet.org\/wp-content\/uploads\/2023\/08\/teamwork.svg\" class=\"attachment-full size-full wp-image-1263 lazyload\" alt=\"\" src=\"data:image\/gif;base64,R0lGODlhAQABAAAAACH5BAEKAAEALAAAAAABAAEAAAICTAEAOw==\" \/>\t\t\t\t\t\t\t\t\t\t\t\t\t\t\t<\/div>\n\t\t\t\t<\/div>\n\t\t\t\t<div class=\"elementor-element elementor-element-ecb2d22 elementor-widget elementor-widget-heading\" data-id=\"ecb2d22\" data-element_type=\"widget\" data-widget_type=\"heading.default\">\n\t\t\t\t<div class=\"elementor-widget-container\">\n\t\t\t\t\t<h1 class=\"elementor-heading-title elementor-size-default\">Proven values\n<\/h1>\t\t\t\t<\/div>\n\t\t\t\t<\/div>\n\t\t\t\t<div class=\"elementor-element elementor-element-1d04346 elementor-widget elementor-widget-text-editor\" data-id=\"1d04346\" data-element_type=\"widget\" data-widget_type=\"text-editor.default\">\n\t\t\t\t<div class=\"elementor-widget-container\">\n\t\t\t\t\t\t\t\t\t<p style=\"text-align: center;\">Des valeurs ayant fait leurs preuves au fil des ans sur lesquelles chacun des membres de l\u2019\u00e9quipe peut se r\u00e9f\u00e9rer au travail et \u00e0 la maison afin de prendre des d\u00e9cisions \u00e9clair\u00e9es.<\/p>\t\t\t\t\t\t\t\t<\/div>\n\t\t\t\t<\/div>\n\t\t\t\t<\/div>\n\t\t<div class=\"elementor-element elementor-element-d242693 e-flex e-con-boxed e-con e-child\" data-id=\"d242693\" data-element_type=\"container\" data-settings=\"{&quot;background_background&quot;:&quot;classic&quot;}\">\n\t\t\t\t\t<div class=\"e-con-inner\">\n\t\t<div class=\"elementor-element elementor-element-795602c e-con-full e-flex e-con e-child\" data-id=\"795602c\" data-element_type=\"container\">\n\t\t<div class=\"elementor-element elementor-element-9ce3bc6 e-con-full e-flex e-con e-child\" data-id=\"9ce3bc6\" data-element_type=\"container\" data-settings=\"{&quot;background_background&quot;:&quot;classic&quot;}\">\n\t\t\t\t<div class=\"elementor-element elementor-element-12c56be elementor-widget elementor-widget-heading\" data-id=\"12c56be\" data-element_type=\"widget\" data-widget_type=\"heading.default\">\n\t\t\t\t<div class=\"elementor-widget-container\">\n\t\t\t\t\t<h2 class=\"elementor-heading-title elementor-size-default\">Belonging<\/h2>\t\t\t\t<\/div>\n\t\t\t\t<\/div>\n\t\t\t\t<div class=\"elementor-element elementor-element-79327de elementor-widget__width-initial elementor-widget elementor-widget-text-editor\" data-id=\"79327de\" data-element_type=\"widget\" data-widget_type=\"text-editor.default\">\n\t\t\t\t<div class=\"elementor-widget-container\">\n\t\t\t\t\t\t\t\t\tWe are a large, committed, altruistic family that combines its strengths to better give back.\t\t\t\t\t\t\t\t<\/div>\n\t\t\t\t<\/div>\n\t\t\t\t<\/div>\n\t\t<div class=\"elementor-element elementor-element-809e5fd e-con-full e-flex e-con e-child\" data-id=\"809e5fd\" data-element_type=\"container\" data-settings=\"{&quot;background_background&quot;:&quot;classic&quot;}\">\n\t\t\t\t<div class=\"elementor-element elementor-element-184e37c elementor-widget elementor-widget-heading\" data-id=\"184e37c\" data-element_type=\"widget\" data-widget_type=\"heading.default\">\n\t\t\t\t<div class=\"elementor-widget-container\">\n\t\t\t\t\t<h2 class=\"elementor-heading-title elementor-size-default\">Accomplishment<\/h2>\t\t\t\t<\/div>\n\t\t\t\t<\/div>\n\t\t\t\t<div class=\"elementor-element elementor-element-24ece97 elementor-widget__width-initial elementor-widget elementor-widget-text-editor\" data-id=\"24ece97\" data-element_type=\"widget\" data-widget_type=\"text-editor.default\">\n\t\t\t\t<div class=\"elementor-widget-container\">\n\t\t\t\t\t\t\t\t\tWe evolve on a daily basis, to fulfill, and offer the best of, ourselves.\t\t\t\t\t\t\t\t<\/div>\n\t\t\t\t<\/div>\n\t\t\t\t<\/div>\n\t\t<div class=\"elementor-element elementor-element-a13a813 e-con-full e-flex e-con e-child\" data-id=\"a13a813\" data-element_type=\"container\" data-settings=\"{&quot;background_background&quot;:&quot;classic&quot;}\">\n\t\t\t\t<div class=\"elementor-element elementor-element-b9ef167 elementor-widget elementor-widget-heading\" data-id=\"b9ef167\" data-element_type=\"widget\" data-widget_type=\"heading.default\">\n\t\t\t\t<div class=\"elementor-widget-container\">\n\t\t\t\t\t<h2 class=\"elementor-heading-title elementor-size-default\">Impact<\/h2>\t\t\t\t<\/div>\n\t\t\t\t<\/div>\n\t\t\t\t<div class=\"elementor-element elementor-element-382dcfe elementor-widget__width-initial elementor-widget elementor-widget-text-editor\" data-id=\"382dcfe\" data-element_type=\"widget\" data-widget_type=\"text-editor.default\">\n\t\t\t\t<div class=\"elementor-widget-container\">\n\t\t\t\t\t\t\t\t\tWe learn, we develop and we innovate in order to have a societal impact.\t\t\t\t\t\t\t\t<\/div>\n\t\t\t\t<\/div>\n\t\t\t\t<\/div>\n\t\t<div class=\"elementor-element elementor-element-a766b4e e-con-full e-flex e-con e-child\" data-id=\"a766b4e\" data-element_type=\"container\" data-settings=\"{&quot;background_background&quot;:&quot;classic&quot;}\">\n\t\t\t\t<div class=\"elementor-element elementor-element-942d181 elementor-widget elementor-widget-heading\" data-id=\"942d181\" data-element_type=\"widget\" data-widget_type=\"heading.default\">\n\t\t\t\t<div class=\"elementor-widget-container\">\n\t\t\t\t\t<h2 class=\"elementor-heading-title elementor-size-default\">Pleasure<\/h2>\t\t\t\t<\/div>\n\t\t\t\t<\/div>\n\t\t\t\t<div class=\"elementor-element elementor-element-8276df6 elementor-widget__width-initial elementor-widget elementor-widget-text-editor\" data-id=\"8276df6\" data-element_type=\"widget\" data-widget_type=\"text-editor.default\">\n\t\t\t\t<div class=\"elementor-widget-container\">\n\t\t\t\t\t\t\t\t\tHappiness is present on a daily basis and we are grateful for it.\t\t\t\t\t\t\t\t<\/div>\n\t\t\t\t<\/div>\n\t\t\t\t<\/div>\n\t\t\t\t<\/div>\n\t\t<div class=\"elementor-element elementor-element-a522cf6 e-con-full e-flex e-con e-child\" data-id=\"a522cf6\" data-element_type=\"container\" data-settings=\"{&quot;background_background&quot;:&quot;classic&quot;}\">\n\t\t\t\t<div class=\"elementor-element elementor-element-6c8ad29 elementor-widget elementor-widget-heading\" data-id=\"6c8ad29\" data-element_type=\"widget\" data-widget_type=\"heading.default\">\n\t\t\t\t<div class=\"elementor-widget-container\">\n\t\t\t\t\t<h2 class=\"elementor-heading-title elementor-size-default\">Expertise<\/h2>\t\t\t\t<\/div>\n\t\t\t\t<\/div>\n\t\t\t\t<div class=\"elementor-element elementor-element-b26b3ef elementor-widget__width-initial elementor-widget elementor-widget-text-editor\" data-id=\"b26b3ef\" data-element_type=\"widget\" data-widget_type=\"text-editor.default\">\n\t\t\t\t<div class=\"elementor-widget-container\">\n\t\t\t\t\t\t\t\t\tWe are enthusiasts who combine structure, accuracy and rigor\t\t\t\t\t\t\t\t<\/div>\n\t\t\t\t<\/div>\n\t\t\t\t<\/div>\n\t\t\t\t\t<\/div>\n\t\t\t\t<\/div>\n\t\t\t\t\t<\/div>\n\t\t\t\t<\/div>\n\t\t\t\t<\/div>\n\t\t","protected":false},"excerpt":{"rendered":"<p>Proven values Des valeurs ayant fait leurs preuves au fil des ans sur lesquelles chacun des membres de l\u2019\u00e9quipe peut se r\u00e9f\u00e9rer au travail et \u00e0 la maison afin de prendre des d\u00e9cisions \u00e9clair\u00e9es. Belonging We are a large, committed, altruistic family that combines its strengths to better give back. Accomplishment We evolve on a [&hellip;]<\/p>\n","protected":false},"author":4,"featured_media":0,"parent":0,"menu_order":0,"comment_status":"closed","ping_status":"closed","template":"","meta":{"_acf_changed":false,"site-sidebar-layout":"no-sidebar","site-content-layout":"page-builder","ast-site-content-layout":"default","site-content-style":"default","site-sidebar-style":"default","ast-global-header-display":"","ast-banner-title-visibility":"","ast-main-header-display":"","ast-hfb-above-header-display":"","ast-hfb-below-header-display":"","ast-hfb-mobile-header-display":"","site-post-title":"disabled","ast-breadcrumbs-content":"","ast-featured-img":"disabled","footer-sml-layout":"","theme-transparent-header-meta":"","adv-header-id-meta":"","stick-header-meta":"","header-above-stick-meta":"","header-main-stick-meta":"","header-below-stick-meta":"","astra-migrate-meta-layouts":"set","ast-page-background-enabled":"default","ast-page-background-meta":{"desktop":{"background-color":"var(--ast-global-color-4)","background-image":"","background-repeat":"repeat","background-position":"center center","background-size":"auto","background-attachment":"scroll","background-type":"","background-media":"","overlay-type":"","overlay-color":"","overlay-opacity":"","overlay-gradient":""},"tablet":{"background-color":"","background-image":"","background-repeat":"repeat","background-position":"center center","background-size":"auto","background-attachment":"scroll","background-type":"","background-media":"","overlay-type":"","overlay-color":"","overlay-opacity":"","overlay-gradient":""},"mobile":{"background-color":"","background-image":"","background-repeat":"repeat","background-position":"center center","background-size":"auto","background-attachment":"scroll","background-type":"","background-media":"","overlay-type":"","overlay-color":"","overlay-opacity":"","overlay-gradient":""}},"ast-content-background-meta":{"desktop":{"background-color":"var(--ast-global-color-5)","background-image":"","background-repeat":"repeat","background-position":"center center","background-size":"auto","background-attachment":"scroll","background-type":"","background-media":"","overlay-type":"","overlay-color":"","overlay-opacity":"","overlay-gradient":""},"tablet":{"background-color":"var(--ast-global-color-5)","background-image":"","background-repeat":"repeat","background-position":"center center","background-size":"auto","background-attachment":"scroll","background-type":"","background-media":"","overlay-type":"","overlay-color":"","overlay-opacity":"","overlay-gradient":""},"mobile":{"background-color":"var(--ast-global-color-5)","background-image":"","background-repeat":"repeat","background-position":"center center","background-size":"auto","background-attachment":"scroll","background-type":"","background-media":"","overlay-type":"","overlay-color":"","overlay-opacity":"","overlay-gradient":""}},"footnotes":""},"class_list":["post-1436","page","type-page","status-publish","hentry"],"acf":[],"yoast_head":"<!-- This site is optimized with the Yoast SEO plugin v24.9 - https:\/\/yoast.com\/wordpress\/plugins\/seo\/ -->\n<title>Our values - Solutions Mesonet<\/title>\n<meta name=\"robots\" content=\"noindex, follow, max-snippet:-1, max-image-preview:large, max-video-preview:-1\" \/>\n<meta property=\"og:locale\" content=\"en_US\" \/>\n<meta property=\"og:type\" content=\"article\" \/>\n<meta property=\"og:title\" content=\"Our values - Solutions Mesonet\" \/>\n<meta property=\"og:description\" content=\"Proven values Des valeurs ayant fait leurs preuves au fil des ans sur lesquelles chacun des membres de l\u2019\u00e9quipe peut se r\u00e9f\u00e9rer au travail et \u00e0 la maison afin de prendre des d\u00e9cisions \u00e9clair\u00e9es. Belonging We are a large, committed, altruistic family that combines its strengths to better give back. Accomplishment We evolve on a [&hellip;]\" \/>\n<meta property=\"og:url\" content=\"https:\/\/www.solutions-mesonet.org\/en\/our-values\/\" \/>\n<meta property=\"og:site_name\" content=\"Solutions Mesonet\" \/>\n<meta property=\"article:publisher\" content=\"https:\/\/www.facebook.com\/people\/Solutions-Mesonet\/100070470109727\/\" \/>\n<meta property=\"article:modified_time\" content=\"2023-11-14T21:34:10+00:00\" \/>\n<meta name=\"twitter:card\" content=\"summary_large_image\" \/>\n<meta name=\"twitter:label1\" content=\"Est. reading time\" \/>\n\t<meta name=\"twitter:data1\" content=\"1 minute\" \/>\n<script type=\"application\/ld+json\" class=\"yoast-schema-graph\">{\"@context\":\"https:\/\/schema.org\",\"@graph\":[{\"@type\":\"WebPage\",\"@id\":\"https:\/\/www.solutions-mesonet.org\/en\/our-values\/\",\"url\":\"https:\/\/www.solutions-mesonet.org\/en\/our-values\/\",\"name\":\"Our values - Solutions Mesonet\",\"isPartOf\":{\"@id\":\"https:\/\/www.solutions-mesonet.org\/#website\"},\"primaryImageOfPage\":{\"@id\":\"https:\/\/www.solutions-mesonet.org\/en\/our-values\/#primaryimage\"},\"image\":{\"@id\":\"https:\/\/www.solutions-mesonet.org\/en\/our-values\/#primaryimage\"},\"thumbnailUrl\":\"https:\/\/www.solutions-mesonet.org\/wp-content\/uploads\/2023\/08\/teamwork.svg\",\"datePublished\":\"2023-08-22T18:06:53+00:00\",\"dateModified\":\"2023-11-14T21:34:10+00:00\",\"breadcrumb\":{\"@id\":\"https:\/\/www.solutions-mesonet.org\/en\/our-values\/#breadcrumb\"},\"inLanguage\":\"en-US\",\"potentialAction\":[{\"@type\":\"ReadAction\",\"target\":[\"https:\/\/www.solutions-mesonet.org\/en\/our-values\/\"]}]},{\"@type\":\"ImageObject\",\"inLanguage\":\"en-US\",\"@id\":\"https:\/\/www.solutions-mesonet.org\/en\/our-values\/#primaryimage\",\"url\":\"https:\/\/www.solutions-mesonet.org\/wp-content\/uploads\/2023\/08\/teamwork.svg\",\"contentUrl\":\"https:\/\/www.solutions-mesonet.org\/wp-content\/uploads\/2023\/08\/teamwork.svg\"},{\"@type\":\"BreadcrumbList\",\"@id\":\"https:\/\/www.solutions-mesonet.org\/en\/our-values\/#breadcrumb\",\"itemListElement\":[{\"@type\":\"ListItem\",\"position\":1,\"name\":\"Accueil\",\"item\":\"https:\/\/www.solutions-mesonet.org\/\"},{\"@type\":\"ListItem\",\"position\":2,\"name\":\"Our values\"}]},{\"@type\":\"WebSite\",\"@id\":\"https:\/\/www.solutions-mesonet.org\/#website\",\"url\":\"https:\/\/www.solutions-mesonet.org\/\",\"name\":\"Solutions Mesonet\",\"description\":\"Solutions Mesonet collects, validates, and disseminates meteorological data using world-renowned technologies.\",\"publisher\":{\"@id\":\"https:\/\/www.solutions-mesonet.org\/#organization\"},\"potentialAction\":[{\"@type\":\"SearchAction\",\"target\":{\"@type\":\"EntryPoint\",\"urlTemplate\":\"https:\/\/www.solutions-mesonet.org\/?s={search_term_string}\"},\"query-input\":{\"@type\":\"PropertyValueSpecification\",\"valueRequired\":true,\"valueName\":\"search_term_string\"}}],\"inLanguage\":\"en-US\"},{\"@type\":\"Organization\",\"@id\":\"https:\/\/www.solutions-mesonet.org\/#organization\",\"name\":\"Solutions Mesonet\",\"url\":\"https:\/\/www.solutions-mesonet.org\/\",\"logo\":{\"@type\":\"ImageObject\",\"inLanguage\":\"en-US\",\"@id\":\"https:\/\/www.solutions-mesonet.org\/#\/schema\/logo\/image\/\",\"url\":\"https:\/\/www.solutions-mesonet.org\/wp-content\/uploads\/2023\/08\/logo-solutions-mesonet.png\",\"contentUrl\":\"https:\/\/www.solutions-mesonet.org\/wp-content\/uploads\/2023\/08\/logo-solutions-mesonet.png\",\"width\":512,\"height\":194,\"caption\":\"Solutions Mesonet\"},\"image\":{\"@id\":\"https:\/\/www.solutions-mesonet.org\/#\/schema\/logo\/image\/\"},\"sameAs\":[\"https:\/\/www.facebook.com\/people\/Solutions-Mesonet\/100070470109727\/\",\"https:\/\/www.linkedin.com\/company\/solutions-mesonet\/\"]}]}<\/script>\n<!-- \/ Yoast SEO plugin. -->","yoast_head_json":{"title":"Our values - Solutions Mesonet","robots":{"index":"noindex","follow":"follow","max-snippet":"max-snippet:-1","max-image-preview":"max-image-preview:large","max-video-preview":"max-video-preview:-1"},"og_locale":"en_US","og_type":"article","og_title":"Our values - Solutions Mesonet","og_description":"Proven values Des valeurs ayant fait leurs preuves au fil des ans sur lesquelles chacun des membres de l\u2019\u00e9quipe peut se r\u00e9f\u00e9rer au travail et \u00e0 la maison afin de prendre des d\u00e9cisions \u00e9clair\u00e9es. Belonging We are a large, committed, altruistic family that combines its strengths to better give back. Accomplishment We evolve on a [&hellip;]","og_url":"https:\/\/www.solutions-mesonet.org\/en\/our-values\/","og_site_name":"Solutions Mesonet","article_publisher":"https:\/\/www.facebook.com\/people\/Solutions-Mesonet\/100070470109727\/","article_modified_time":"2023-11-14T21:34:10+00:00","twitter_card":"summary_large_image","twitter_misc":{"Est. reading time":"1 minute"},"schema":{"@context":"https:\/\/schema.org","@graph":[{"@type":"WebPage","@id":"https:\/\/www.solutions-mesonet.org\/en\/our-values\/","url":"https:\/\/www.solutions-mesonet.org\/en\/our-values\/","name":"Our values - Solutions Mesonet","isPartOf":{"@id":"https:\/\/www.solutions-mesonet.org\/#website"},"primaryImageOfPage":{"@id":"https:\/\/www.solutions-mesonet.org\/en\/our-values\/#primaryimage"},"image":{"@id":"https:\/\/www.solutions-mesonet.org\/en\/our-values\/#primaryimage"},"thumbnailUrl":"https:\/\/www.solutions-mesonet.org\/wp-content\/uploads\/2023\/08\/teamwork.svg","datePublished":"2023-08-22T18:06:53+00:00","dateModified":"2023-11-14T21:34:10+00:00","breadcrumb":{"@id":"https:\/\/www.solutions-mesonet.org\/en\/our-values\/#breadcrumb"},"inLanguage":"en-US","potentialAction":[{"@type":"ReadAction","target":["https:\/\/www.solutions-mesonet.org\/en\/our-values\/"]}]},{"@type":"ImageObject","inLanguage":"en-US","@id":"https:\/\/www.solutions-mesonet.org\/en\/our-values\/#primaryimage","url":"https:\/\/www.solutions-mesonet.org\/wp-content\/uploads\/2023\/08\/teamwork.svg","contentUrl":"https:\/\/www.solutions-mesonet.org\/wp-content\/uploads\/2023\/08\/teamwork.svg"},{"@type":"BreadcrumbList","@id":"https:\/\/www.solutions-mesonet.org\/en\/our-values\/#breadcrumb","itemListElement":[{"@type":"ListItem","position":1,"name":"Accueil","item":"https:\/\/www.solutions-mesonet.org\/"},{"@type":"ListItem","position":2,"name":"Our values"}]},{"@type":"WebSite","@id":"https:\/\/www.solutions-mesonet.org\/#website","url":"https:\/\/www.solutions-mesonet.org\/","name":"Solutions Mesonet","description":"Solutions Mesonet collects, validates, and disseminates meteorological data using world-renowned technologies.","publisher":{"@id":"https:\/\/www.solutions-mesonet.org\/#organization"},"potentialAction":[{"@type":"SearchAction","target":{"@type":"EntryPoint","urlTemplate":"https:\/\/www.solutions-mesonet.org\/?s={search_term_string}"},"query-input":{"@type":"PropertyValueSpecification","valueRequired":true,"valueName":"search_term_string"}}],"inLanguage":"en-US"},{"@type":"Organization","@id":"https:\/\/www.solutions-mesonet.org\/#organization","name":"Solutions Mesonet","url":"https:\/\/www.solutions-mesonet.org\/","logo":{"@type":"ImageObject","inLanguage":"en-US","@id":"https:\/\/www.solutions-mesonet.org\/#\/schema\/logo\/image\/","url":"https:\/\/www.solutions-mesonet.org\/wp-content\/uploads\/2023\/08\/logo-solutions-mesonet.png","contentUrl":"https:\/\/www.solutions-mesonet.org\/wp-content\/uploads\/2023\/08\/logo-solutions-mesonet.png","width":512,"height":194,"caption":"Solutions Mesonet"},"image":{"@id":"https:\/\/www.solutions-mesonet.org\/#\/schema\/logo\/image\/"},"sameAs":["https:\/\/www.facebook.com\/people\/Solutions-Mesonet\/100070470109727\/","https:\/\/www.linkedin.com\/company\/solutions-mesonet\/"]}]}},"_links":{"self":[{"href":"https:\/\/www.solutions-mesonet.org\/en\/wp-json\/wp\/v2\/pages\/1436","targetHints":{"allow":["GET"]}}],"collection":[{"href":"https:\/\/www.solutions-mesonet.org\/en\/wp-json\/wp\/v2\/pages"}],"about":[{"href":"https:\/\/www.solutions-mesonet.org\/en\/wp-json\/wp\/v2\/types\/page"}],"author":[{"embeddable":true,"href":"https:\/\/www.solutions-mesonet.org\/en\/wp-json\/wp\/v2\/users\/4"}],"replies":[{"embeddable":true,"href":"https:\/\/www.solutions-mesonet.org\/en\/wp-json\/wp\/v2\/comments?post=1436"}],"version-history":[{"count":6,"href":"https:\/\/www.solutions-mesonet.org\/en\/wp-json\/wp\/v2\/pages\/1436\/revisions"}],"predecessor-version":[{"id":1522,"href":"https:\/\/www.solutions-mesonet.org\/en\/wp-json\/wp\/v2\/pages\/1436\/revisions\/1522"}],"wp:attachment":[{"href":"https:\/\/www.solutions-mesonet.org\/en\/wp-json\/wp\/v2\/media?parent=1436"}],"curies":[{"name":"wp","href":"https:\/\/api.w.org\/{rel}","templated":true}]}}