{"id":4283,"date":"2024-07-02T16:07:55","date_gmt":"2024-07-02T20:07:55","guid":{"rendered":"https:\/\/www.solutions-mesonet.org\/expedition-de-materiel-pour-le-service-de-calibration-et-certification\/"},"modified":"2024-09-16T15:33:20","modified_gmt":"2024-09-16T19:33:20","slug":"shipping-equipment-for-calibration-and-certification-services","status":"publish","type":"page","link":"https:\/\/www.solutions-mesonet.org\/en\/shipping-equipment-for-calibration-and-certification-services\/","title":{"rendered":"Shipping equipment for calibration and certification services"},"content":{"rendered":"\t\t<div data-elementor-type=\"wp-page\" data-elementor-id=\"4283\" class=\"elementor elementor-4283 elementor-4155\" data-elementor-post-type=\"page\">\n\t\t\t\t<div class=\"elementor-element elementor-element-10dcd58 e-con-full e-flex e-con e-parent\" data-id=\"10dcd58\" data-element_type=\"container\" data-settings=\"{&quot;background_background&quot;:&quot;classic&quot;}\">\n\t\t<div class=\"elementor-element elementor-element-c2ac8b0 e-con-full e-flex e-con e-child\" data-id=\"c2ac8b0\" data-element_type=\"container\">\n\t\t\t\t<div class=\"elementor-element elementor-element-e043f22 elementor-widget elementor-widget-heading\" data-id=\"e043f22\" data-element_type=\"widget\" data-widget_type=\"heading.default\">\n\t\t\t\t<div class=\"elementor-widget-container\">\n\t\t\t\t\t<h2 class=\"elementor-heading-title elementor-size-default\">Shipping equipment for calibration and certification services<\/h2>\t\t\t\t<\/div>\n\t\t\t\t<\/div>\n\t\t\t\t<\/div>\n\t\t\t\t<\/div>\n\t\t<div class=\"elementor-element elementor-element-42722063 e-flex e-con-boxed e-con e-parent\" data-id=\"42722063\" data-element_type=\"container\">\n\t\t\t\t\t<div class=\"e-con-inner\">\n\t\t\t\t<div class=\"elementor-element elementor-element-1114b713 elementor-widget elementor-widget-text-editor\" data-id=\"1114b713\" data-element_type=\"widget\" data-widget_type=\"text-editor.default\">\n\t\t\t\t<div class=\"elementor-widget-container\">\n\t\t\t\t\t\t\t\t\t<p>Afin de vous offrir un service optimal de calibration et de certification de vos capteurs m\u00e9t\u00e9orologiques, nous avons mis en place une proc\u00e9dure simple pour la livraison et le retour de votre mat\u00e9riel via Postes Canada. Voici les \u00e9tapes \u00e0 suivre :<\/p>\n<p><b>1. Pr\u00e9paration du mat\u00e9riel<\/b><\/p>\n<ul>\n<li>Emballage : Emballez soigneusement vos capteurs dans des mat\u00e9riaux protecteurs pour \u00e9viter tout dommage durant le transport. Utilisez une bo\u00eete robuste et suffisamment grande.<\/li>\n<\/ul>\n<p><b>2. Exp\u00e9dition<\/b><\/p>\n<ul>\n<li><b>\u00c9tiquetage<\/b> : Lorsque la transaction est compl\u00e9t\u00e9e, une \u00e9tiquette d&#8217;exp\u00e9dition pr\u00e9affranchie de Postes Canada vous sera envoy\u00e9e par courriel\u00a0: imprimez et collez celle-ci sur votre colis.<\/li>\n<li><b>D\u00e9p\u00f4t<\/b> : D\u00e9posez votre colis dans le bureau de poste le plus proche ou utilisez une bo\u00eete de d\u00e9p\u00f4t de Postes Canada si la taille du colis le permet.<\/li>\n<li><b>(Optionnel)<\/b>\u00a0: Si vous pr\u00e9f\u00e9rez opter pour un autre transporteur de votre choix, n\u2019h\u00e9sitez pas \u00e0 le faire! Assurez-vous simplement d\u2019utiliser un service incluant le retour pr\u00e9pay\u00e9 du mat\u00e9riel \u00e0 votre adresse, puis simplement nous fournir le num\u00e9ro de suivi de l\u2019exp\u00e9dition. Vous pouvez utiliser l\u2019adresse ci-dessous pour nous envoyer votre mat\u00e9riel\u00a0:<\/li>\n<\/ul>\n<p style=\"padding-left: 80px;\"><strong>Solutions Mesonet<\/strong><br \/><strong>25, rue Lefebvre Nord<\/strong><br \/><strong>Porte 18<\/strong><br \/><strong>Lachute (Qu\u00e9bec)<\/strong><br \/><strong>J8H 3R8<\/strong><\/p>\n<p><b>3. Suivi<\/b><\/p>\n<ul>\n<li><strong>Num\u00e9ro de suivi :<\/strong> Utilisez le num\u00e9ro de suivi indiqu\u00e9 dans le courriel pour suivre l&#8217;acheminement de votre colis via le site web de Postes Canada.\u00a0<\/li>\n<\/ul>\n<p><strong>4. Traitement<\/strong><\/p>\n<ul>\n<li><strong>R\u00e9ception :<\/strong> \u00c0 la r\u00e9ception de votre colis, notre \u00e9quipe vous enverra un courriel de confirmation. Le processus de calibration et certification commencera alors.<\/li>\n<li><strong>D\u00e9lai de traitement :<\/strong> Le d\u00e9lai de traitement habituel est de 5 \u00e0 7 jours ouvrables. En cas de d\u00e9lais suppl\u00e9mentaires, nous vous en informerons dans les plus brefs d\u00e9lais.<\/li>\n<li><strong>En cas de n\u00e9cessit\u00e9 de remplacement de pi\u00e8ce(s)\u00a0:<\/strong> Si nous constatons qu\u2019un remplacement d\u2019une pi\u00e8ce d\u00e9fectueuse est requis, nous communiquerons avec vous imm\u00e9diatement par t\u00e9l\u00e9phone afin de vous faire part des d\u00e9tails (la raison du remplacement, son co\u00fbt et si cela occasionne un d\u00e9lai suppl\u00e9mentaire).<\/li>\n<\/ul>\n<p><strong>5. Retour du mat\u00e9riel<\/strong><\/p>\n<ul>\n<li><strong>Finalisation :<\/strong> Une fois la calibration\/certification termin\u00e9e, nous r\u00e9emballerons soigneusement vos capteurs et pr\u00e9parerons le retour.<\/li>\n<li><strong>Exp\u00e9dition de retour :<\/strong> Le service d\u2019exp\u00e9dition int\u00e9gr\u00e9 \u00e0 notre boutique inclut le retour de votre mat\u00e9riel par Postes Canada sur le m\u00eame num\u00e9ro de suivi que l\u2019exp\u00e9dition initiale.<\/li>\n<li><strong>(Optionnel)\u00a0:<\/strong> Si vous avez opt\u00e9 pour un autre transporteur, vous devez vous assurer que le service d\u2019exp\u00e9dition employ\u00e9 inclut le retour pr\u00e9pay\u00e9 du mat\u00e9riel \u00e0 votre adresse.<\/li>\n<\/ul>\n<p><strong>6. R\u00e9ception du retour<\/strong><\/p>\n<ul>\n<li><strong>V\u00e9rification :<\/strong> \u00c0 la r\u00e9ception de votre mat\u00e9riel, v\u00e9rifiez l&#8217;\u00e9tat du mat\u00e9riel et le\/les certificat(s) de calibration fourni(s).<\/li>\n<li><strong>Contact :<\/strong> Si vous avez des questions ou des pr\u00e9occupations, n&#8217;h\u00e9sitez pas \u00e0 nous contacter imm\u00e9diatement.<\/li>\n<\/ul>\t\t\t\t\t\t\t\t<\/div>\n\t\t\t\t<\/div>\n\t\t\t\t\t<\/div>\n\t\t\t\t<\/div>\n\t\t<div class=\"elementor-element elementor-element-adbf265 e-con-full e-flex e-con e-parent\" data-id=\"adbf265\" data-element_type=\"container\" data-settings=\"{&quot;background_background&quot;:&quot;classic&quot;}\">\n\t\t<div class=\"elementor-element elementor-element-2133e40 e-con-full e-flex e-con e-child\" data-id=\"2133e40\" data-element_type=\"container\" id=\"remerciement\">\n\t\t\t\t<div class=\"elementor-element elementor-element-3f668d0 elementor-widget elementor-widget-text-editor\" data-id=\"3f668d0\" data-element_type=\"widget\" id=\"remerciement\" data-widget_type=\"text-editor.default\">\n\t\t\t\t<div class=\"elementor-widget-container\">\n\t\t\t\t\t\t\t\t\t<p>Nous vous remercions de votre confiance et restons \u00e0 votre disposition <a style=\"color: white; text-decoration: underline;\" href=\"\/assistance\/\">pour toute assistance suppl\u00e9mentaire<\/a>.<\/p>\t\t\t\t\t\t\t\t<\/div>\n\t\t\t\t<\/div>\n\t\t\t\t<\/div>\n\t\t\t\t<\/div>\n\t\t\t\t<\/div>\n\t\t","protected":false},"excerpt":{"rendered":"<p>Shipping equipment for calibration and certification services Afin de vous offrir un service optimal de calibration et de certification de vos capteurs m\u00e9t\u00e9orologiques, nous avons mis en place une proc\u00e9dure simple pour la livraison et le retour de votre mat\u00e9riel via Postes Canada. Voici les \u00e9tapes \u00e0 suivre : 1. Pr\u00e9paration du mat\u00e9riel Emballage : [&hellip;]<\/p>\n","protected":false},"author":5,"featured_media":0,"parent":0,"menu_order":0,"comment_status":"closed","ping_status":"closed","template":"","meta":{"_acf_changed":false,"site-sidebar-layout":"no-sidebar","site-content-layout":"page-builder","ast-site-content-layout":"full-width-container","site-content-style":"default","site-sidebar-style":"default","ast-global-header-display":"","ast-banner-title-visibility":"","ast-main-header-display":"","ast-hfb-above-header-display":"","ast-hfb-below-header-display":"","ast-hfb-mobile-header-display":"","site-post-title":"disabled","ast-breadcrumbs-content":"","ast-featured-img":"disabled","footer-sml-layout":"","theme-transparent-header-meta":"","adv-header-id-meta":"","stick-header-meta":"","header-above-stick-meta":"","header-main-stick-meta":"","header-below-stick-meta":"","astra-migrate-meta-layouts":"set","ast-page-background-enabled":"default","ast-page-background-meta":{"desktop":{"background-color":"var(--ast-global-color-4)","background-image":"","background-repeat":"repeat","background-position":"center center","background-size":"auto","background-attachment":"scroll","background-type":"","background-media":"","overlay-type":"","overlay-color":"","overlay-opacity":"","overlay-gradient":""},"tablet":{"background-color":"","background-image":"","background-repeat":"repeat","background-position":"center center","background-size":"auto","background-attachment":"scroll","background-type":"","background-media":"","overlay-type":"","overlay-color":"","overlay-opacity":"","overlay-gradient":""},"mobile":{"background-color":"","background-image":"","background-repeat":"repeat","background-position":"center center","background-size":"auto","background-attachment":"scroll","background-type":"","background-media":"","overlay-type":"","overlay-color":"","overlay-opacity":"","overlay-gradient":""}},"ast-content-background-meta":{"desktop":{"background-color":"var(--ast-global-color-5)","background-image":"","background-repeat":"repeat","background-position":"center center","background-size":"auto","background-attachment":"scroll","background-type":"","background-media":"","overlay-type":"","overlay-color":"","overlay-opacity":"","overlay-gradient":""},"tablet":{"background-color":"var(--ast-global-color-5)","background-image":"","background-repeat":"repeat","background-position":"center center","background-size":"auto","background-attachment":"scroll","background-type":"","background-media":"","overlay-type":"","overlay-color":"","overlay-opacity":"","overlay-gradient":""},"mobile":{"background-color":"var(--ast-global-color-5)","background-image":"","background-repeat":"repeat","background-position":"center center","background-size":"auto","background-attachment":"scroll","background-type":"","background-media":"","overlay-type":"","overlay-color":"","overlay-opacity":"","overlay-gradient":""}},"footnotes":""},"class_list":["post-4283","page","type-page","status-publish","hentry"],"acf":[],"yoast_head":"<!-- This site is optimized with the Yoast SEO plugin v24.9 - https:\/\/yoast.com\/wordpress\/plugins\/seo\/ -->\n<title>Shipping equipment for calibration and certification services - Solutions Mesonet<\/title>\n<meta name=\"robots\" content=\"noindex, follow, max-snippet:-1, max-image-preview:large, max-video-preview:-1\" \/>\n<meta property=\"og:locale\" content=\"en_US\" \/>\n<meta property=\"og:type\" content=\"article\" \/>\n<meta property=\"og:title\" content=\"Shipping equipment for calibration and certification services - Solutions Mesonet\" \/>\n<meta property=\"og:description\" content=\"Shipping equipment for calibration and certification services Afin de vous offrir un service optimal de calibration et de certification de vos capteurs m\u00e9t\u00e9orologiques, nous avons mis en place une proc\u00e9dure simple pour la livraison et le retour de votre mat\u00e9riel via Postes Canada. Voici les \u00e9tapes \u00e0 suivre : 1. Pr\u00e9paration du mat\u00e9riel Emballage : [&hellip;]\" \/>\n<meta property=\"og:url\" content=\"https:\/\/www.solutions-mesonet.org\/en\/shipping-equipment-for-calibration-and-certification-services\/\" \/>\n<meta property=\"og:site_name\" content=\"Solutions Mesonet\" \/>\n<meta property=\"article:publisher\" content=\"https:\/\/www.facebook.com\/people\/Solutions-Mesonet\/100070470109727\/\" \/>\n<meta property=\"article:modified_time\" content=\"2024-09-16T19:33:20+00:00\" \/>\n<meta name=\"twitter:card\" content=\"summary_large_image\" \/>\n<meta name=\"twitter:label1\" content=\"Est. reading time\" \/>\n\t<meta name=\"twitter:data1\" content=\"3 minutes\" \/>\n<script type=\"application\/ld+json\" class=\"yoast-schema-graph\">{\"@context\":\"https:\/\/schema.org\",\"@graph\":[{\"@type\":\"WebPage\",\"@id\":\"https:\/\/www.solutions-mesonet.org\/en\/shipping-equipment-for-calibration-and-certification-services\/\",\"url\":\"https:\/\/www.solutions-mesonet.org\/en\/shipping-equipment-for-calibration-and-certification-services\/\",\"name\":\"Shipping equipment for calibration and certification services - Solutions Mesonet\",\"isPartOf\":{\"@id\":\"https:\/\/www.solutions-mesonet.org\/#website\"},\"datePublished\":\"2024-07-02T20:07:55+00:00\",\"dateModified\":\"2024-09-16T19:33:20+00:00\",\"breadcrumb\":{\"@id\":\"https:\/\/www.solutions-mesonet.org\/en\/shipping-equipment-for-calibration-and-certification-services\/#breadcrumb\"},\"inLanguage\":\"en-US\",\"potentialAction\":[{\"@type\":\"ReadAction\",\"target\":[\"https:\/\/www.solutions-mesonet.org\/en\/shipping-equipment-for-calibration-and-certification-services\/\"]}]},{\"@type\":\"BreadcrumbList\",\"@id\":\"https:\/\/www.solutions-mesonet.org\/en\/shipping-equipment-for-calibration-and-certification-services\/#breadcrumb\",\"itemListElement\":[{\"@type\":\"ListItem\",\"position\":1,\"name\":\"Accueil\",\"item\":\"https:\/\/www.solutions-mesonet.org\/\"},{\"@type\":\"ListItem\",\"position\":2,\"name\":\"Shipping equipment for calibration and certification services\"}]},{\"@type\":\"WebSite\",\"@id\":\"https:\/\/www.solutions-mesonet.org\/#website\",\"url\":\"https:\/\/www.solutions-mesonet.org\/\",\"name\":\"Solutions Mesonet\",\"description\":\"Solutions Mesonet collects, validates, and disseminates meteorological data using world-renowned technologies.\",\"publisher\":{\"@id\":\"https:\/\/www.solutions-mesonet.org\/#organization\"},\"potentialAction\":[{\"@type\":\"SearchAction\",\"target\":{\"@type\":\"EntryPoint\",\"urlTemplate\":\"https:\/\/www.solutions-mesonet.org\/?s={search_term_string}\"},\"query-input\":{\"@type\":\"PropertyValueSpecification\",\"valueRequired\":true,\"valueName\":\"search_term_string\"}}],\"inLanguage\":\"en-US\"},{\"@type\":\"Organization\",\"@id\":\"https:\/\/www.solutions-mesonet.org\/#organization\",\"name\":\"Solutions Mesonet\",\"url\":\"https:\/\/www.solutions-mesonet.org\/\",\"logo\":{\"@type\":\"ImageObject\",\"inLanguage\":\"en-US\",\"@id\":\"https:\/\/www.solutions-mesonet.org\/#\/schema\/logo\/image\/\",\"url\":\"https:\/\/www.solutions-mesonet.org\/wp-content\/uploads\/2023\/08\/logo-solutions-mesonet.png\",\"contentUrl\":\"https:\/\/www.solutions-mesonet.org\/wp-content\/uploads\/2023\/08\/logo-solutions-mesonet.png\",\"width\":512,\"height\":194,\"caption\":\"Solutions Mesonet\"},\"image\":{\"@id\":\"https:\/\/www.solutions-mesonet.org\/#\/schema\/logo\/image\/\"},\"sameAs\":[\"https:\/\/www.facebook.com\/people\/Solutions-Mesonet\/100070470109727\/\",\"https:\/\/www.linkedin.com\/company\/solutions-mesonet\/\"]}]}<\/script>\n<!-- \/ Yoast SEO plugin. -->","yoast_head_json":{"title":"Shipping equipment for calibration and certification services - Solutions Mesonet","robots":{"index":"noindex","follow":"follow","max-snippet":"max-snippet:-1","max-image-preview":"max-image-preview:large","max-video-preview":"max-video-preview:-1"},"og_locale":"en_US","og_type":"article","og_title":"Shipping equipment for calibration and certification services - Solutions Mesonet","og_description":"Shipping equipment for calibration and certification services Afin de vous offrir un service optimal de calibration et de certification de vos capteurs m\u00e9t\u00e9orologiques, nous avons mis en place une proc\u00e9dure simple pour la livraison et le retour de votre mat\u00e9riel via Postes Canada. Voici les \u00e9tapes \u00e0 suivre : 1. Pr\u00e9paration du mat\u00e9riel Emballage : [&hellip;]","og_url":"https:\/\/www.solutions-mesonet.org\/en\/shipping-equipment-for-calibration-and-certification-services\/","og_site_name":"Solutions Mesonet","article_publisher":"https:\/\/www.facebook.com\/people\/Solutions-Mesonet\/100070470109727\/","article_modified_time":"2024-09-16T19:33:20+00:00","twitter_card":"summary_large_image","twitter_misc":{"Est. reading time":"3 minutes"},"schema":{"@context":"https:\/\/schema.org","@graph":[{"@type":"WebPage","@id":"https:\/\/www.solutions-mesonet.org\/en\/shipping-equipment-for-calibration-and-certification-services\/","url":"https:\/\/www.solutions-mesonet.org\/en\/shipping-equipment-for-calibration-and-certification-services\/","name":"Shipping equipment for calibration and certification services - Solutions Mesonet","isPartOf":{"@id":"https:\/\/www.solutions-mesonet.org\/#website"},"datePublished":"2024-07-02T20:07:55+00:00","dateModified":"2024-09-16T19:33:20+00:00","breadcrumb":{"@id":"https:\/\/www.solutions-mesonet.org\/en\/shipping-equipment-for-calibration-and-certification-services\/#breadcrumb"},"inLanguage":"en-US","potentialAction":[{"@type":"ReadAction","target":["https:\/\/www.solutions-mesonet.org\/en\/shipping-equipment-for-calibration-and-certification-services\/"]}]},{"@type":"BreadcrumbList","@id":"https:\/\/www.solutions-mesonet.org\/en\/shipping-equipment-for-calibration-and-certification-services\/#breadcrumb","itemListElement":[{"@type":"ListItem","position":1,"name":"Accueil","item":"https:\/\/www.solutions-mesonet.org\/"},{"@type":"ListItem","position":2,"name":"Shipping equipment for calibration and certification services"}]},{"@type":"WebSite","@id":"https:\/\/www.solutions-mesonet.org\/#website","url":"https:\/\/www.solutions-mesonet.org\/","name":"Solutions Mesonet","description":"Solutions Mesonet collects, validates, and disseminates meteorological data using world-renowned technologies.","publisher":{"@id":"https:\/\/www.solutions-mesonet.org\/#organization"},"potentialAction":[{"@type":"SearchAction","target":{"@type":"EntryPoint","urlTemplate":"https:\/\/www.solutions-mesonet.org\/?s={search_term_string}"},"query-input":{"@type":"PropertyValueSpecification","valueRequired":true,"valueName":"search_term_string"}}],"inLanguage":"en-US"},{"@type":"Organization","@id":"https:\/\/www.solutions-mesonet.org\/#organization","name":"Solutions Mesonet","url":"https:\/\/www.solutions-mesonet.org\/","logo":{"@type":"ImageObject","inLanguage":"en-US","@id":"https:\/\/www.solutions-mesonet.org\/#\/schema\/logo\/image\/","url":"https:\/\/www.solutions-mesonet.org\/wp-content\/uploads\/2023\/08\/logo-solutions-mesonet.png","contentUrl":"https:\/\/www.solutions-mesonet.org\/wp-content\/uploads\/2023\/08\/logo-solutions-mesonet.png","width":512,"height":194,"caption":"Solutions Mesonet"},"image":{"@id":"https:\/\/www.solutions-mesonet.org\/#\/schema\/logo\/image\/"},"sameAs":["https:\/\/www.facebook.com\/people\/Solutions-Mesonet\/100070470109727\/","https:\/\/www.linkedin.com\/company\/solutions-mesonet\/"]}]}},"_links":{"self":[{"href":"https:\/\/www.solutions-mesonet.org\/en\/wp-json\/wp\/v2\/pages\/4283","targetHints":{"allow":["GET"]}}],"collection":[{"href":"https:\/\/www.solutions-mesonet.org\/en\/wp-json\/wp\/v2\/pages"}],"about":[{"href":"https:\/\/www.solutions-mesonet.org\/en\/wp-json\/wp\/v2\/types\/page"}],"author":[{"embeddable":true,"href":"https:\/\/www.solutions-mesonet.org\/en\/wp-json\/wp\/v2\/users\/5"}],"replies":[{"embeddable":true,"href":"https:\/\/www.solutions-mesonet.org\/en\/wp-json\/wp\/v2\/comments?post=4283"}],"version-history":[{"count":4,"href":"https:\/\/www.solutions-mesonet.org\/en\/wp-json\/wp\/v2\/pages\/4283\/revisions"}],"predecessor-version":[{"id":4287,"href":"https:\/\/www.solutions-mesonet.org\/en\/wp-json\/wp\/v2\/pages\/4283\/revisions\/4287"}],"wp:attachment":[{"href":"https:\/\/www.solutions-mesonet.org\/en\/wp-json\/wp\/v2\/media?parent=4283"}],"curies":[{"name":"wp","href":"https:\/\/api.w.org\/{rel}","templated":true}]}}