{"id":3272,"date":"2024-02-06T17:27:04","date_gmt":"2024-02-06T22:27:04","guid":{"rendered":"https:\/\/www.solutions-mesonet.org\/?post_type=product&#038;p=3272"},"modified":"2024-07-16T16:18:58","modified_gmt":"2024-07-16T20:18:58","slug":"texas-electronics-campbell-scientific-t525-l","status":"publish","type":"product","link":"https:\/\/www.solutions-mesonet.org\/en\/produit\/texas-electronics-campbell-scientific-t525-l\/","title":{"rendered":"Texas Electronics (Campbell Scientific) : T525-L"},"content":{"rendered":"","protected":false},"excerpt":{"rendered":"<p class=\"inclus\"><strong>Inclus\u00a0:<\/strong><\/p>\n<ul>\n<li style=\"font-weight: 400;\" aria-level=\"1\"><span style=\"font-weight: 400;\">Nettoyage, lubrification (lubrifiant sec \u00e0 base de silicone) et test de lecture.<\/span><\/li>\n<li style=\"font-weight: 400;\" aria-level=\"1\"><span style=\"font-weight: 400;\">\u00c9mission d&#8217;un certificat si lecture selon les tol\u00e9rances.<\/span><\/li>\n<\/ul>\n","protected":false},"featured_media":3808,"comment_status":"closed","ping_status":"closed","template":"","meta":{"_acf_changed":false,"site-sidebar-layout":"no-sidebar","site-content-layout":"page-builder","ast-site-content-layout":"full-width-container","site-content-style":"default","site-sidebar-style":"default","ast-global-header-display":"","ast-banner-title-visibility":"","ast-main-header-display":"","ast-hfb-above-header-display":"","ast-hfb-below-header-display":"","ast-hfb-mobile-header-display":"","site-post-title":"disabled","ast-breadcrumbs-content":"","ast-featured-img":"disabled","footer-sml-layout":"","theme-transparent-header-meta":"default","adv-header-id-meta":"","stick-header-meta":"","header-above-stick-meta":"","header-main-stick-meta":"","header-below-stick-meta":"","astra-migrate-meta-layouts":"set","ast-page-background-enabled":"default","ast-page-background-meta":{"desktop":{"background-color":"var(--ast-global-color-4)","background-image":"","background-repeat":"repeat","background-position":"center center","background-size":"auto","background-attachment":"scroll","background-type":"","background-media":"","overlay-type":"","overlay-color":"","overlay-opacity":"","overlay-gradient":""},"tablet":{"background-color":"","background-image":"","background-repeat":"repeat","background-position":"center center","background-size":"auto","background-attachment":"scroll","background-type":"","background-media":"","overlay-type":"","overlay-color":"","overlay-opacity":"","overlay-gradient":""},"mobile":{"background-color":"","background-image":"","background-repeat":"repeat","background-position":"center center","background-size":"auto","background-attachment":"scroll","background-type":"","background-media":"","overlay-type":"","overlay-color":"","overlay-opacity":"","overlay-gradient":""}},"ast-content-background-meta":{"desktop":{"background-color":"var(--ast-global-color-5)","background-image":"","background-repeat":"repeat","background-position":"center center","background-size":"auto","background-attachment":"scroll","background-type":"","background-media":"","overlay-type":"","overlay-color":"","overlay-opacity":"","overlay-gradient":""},"tablet":{"background-color":"var(--ast-global-color-5)","background-image":"","background-repeat":"repeat","background-position":"center center","background-size":"auto","background-attachment":"scroll","background-type":"","background-media":"","overlay-type":"","overlay-color":"","overlay-opacity":"","overlay-gradient":""},"mobile":{"background-color":"var(--ast-global-color-5)","background-image":"","background-repeat":"repeat","background-position":"center center","background-size":"auto","background-attachment":"scroll","background-type":"","background-media":"","overlay-type":"","overlay-color":"","overlay-opacity":"","overlay-gradient":""}}},"product_brand":[],"product_cat":[60],"product_tag":[62],"type_intervention":[68],"class_list":{"0":"post-3272","1":"product","2":"type-product","3":"status-publish","4":"has-post-thumbnail","6":"product_cat-vitesse-et-direction-du-vent","7":"product_tag-certification","8":"type_intervention-calibration-et-certification-de-base","9":"desktop-align-left","10":"tablet-align-left","11":"mobile-align-left","13":"first","14":"instock","15":"sold-individually","16":"taxable","17":"shipping-taxable","18":"purchasable","19":"product-type-simple"},"supplier_id":null,"supplier_sku":"","barcode":null,"atum_controlled":true,"out_stock_date":null,"out_stock_threshold":null,"inheritable":false,"inbound_stock":0,"stock_on_hold":5,"sold_today":0,"sales_last_days":0,"reserved_stock":0,"customer_returns":0,"warehouse_damage":0,"lost_in_post":0,"other_logs":0,"out_stock_days":0,"lost_sales":0,"has_location":false,"update_date":"2026-05-01T19:48:56","atum_locations":[],"atum_stock_status":"instock","restock_status":false,"low_stock_amount":"","sales_update_date":"2026-05-01T19:48:56","calc_backorders":null,"acf":[],"yoast_head":"<!-- This site is optimized with the Yoast SEO plugin v24.9 - https:\/\/yoast.com\/wordpress\/plugins\/seo\/ -->\n<title>Texas Electronics (Campbell Scientific) : T525-L - Solutions Mesonet<\/title>\n<meta name=\"robots\" content=\"noindex, follow, max-snippet:-1, max-image-preview:large, max-video-preview:-1\" \/>\n<meta property=\"og:locale\" content=\"en_US\" \/>\n<meta property=\"og:type\" content=\"article\" \/>\n<meta property=\"og:title\" content=\"Texas Electronics (Campbell Scientific) : T525-L - Solutions Mesonet\" \/>\n<meta property=\"og:description\" content=\"Inclus\u00a0:    Nettoyage, lubrification (lubrifiant sec \u00e0 base de silicone) et test de lecture.  \u00c9mission d&#039;un certificat si lecture selon les tol\u00e9rances.\" \/>\n<meta property=\"og:url\" content=\"https:\/\/www.solutions-mesonet.org\/produit\/texas-electronics-campbell-scientific-t525-l\/\" \/>\n<meta property=\"og:site_name\" content=\"Solutions Mesonet\" \/>\n<meta property=\"article:publisher\" content=\"https:\/\/www.facebook.com\/people\/Solutions-Mesonet\/100070470109727\/\" \/>\n<meta property=\"article:modified_time\" content=\"2024-07-16T20:18:58+00:00\" \/>\n<meta property=\"og:image\" content=\"https:\/\/www.solutions-mesonet.org\/wp-content\/uploads\/2024\/03\/525usw_rain_gauge_front_web_optimized.jpg\" \/>\n\t<meta property=\"og:image:width\" content=\"642\" \/>\n\t<meta property=\"og:image:height\" content=\"642\" \/>\n\t<meta property=\"og:image:type\" content=\"image\/jpeg\" \/>\n<meta name=\"twitter:card\" content=\"summary_large_image\" \/>\n<script type=\"application\/ld+json\" class=\"yoast-schema-graph\">{\"@context\":\"https:\/\/schema.org\",\"@graph\":[{\"@type\":\"WebPage\",\"@id\":\"https:\/\/www.solutions-mesonet.org\/produit\/texas-electronics-campbell-scientific-t525-l\/\",\"url\":\"https:\/\/www.solutions-mesonet.org\/produit\/texas-electronics-campbell-scientific-t525-l\/\",\"name\":\"Texas Electronics (Campbell Scientific) : T525-L - Solutions Mesonet\",\"isPartOf\":{\"@id\":\"https:\/\/www.solutions-mesonet.org\/#website\"},\"primaryImageOfPage\":{\"@id\":\"https:\/\/www.solutions-mesonet.org\/produit\/texas-electronics-campbell-scientific-t525-l\/#primaryimage\"},\"image\":{\"@id\":\"https:\/\/www.solutions-mesonet.org\/produit\/texas-electronics-campbell-scientific-t525-l\/#primaryimage\"},\"thumbnailUrl\":\"https:\/\/www.solutions-mesonet.org\/wp-content\/uploads\/2024\/03\/525usw_rain_gauge_front_web_optimized.jpg\",\"datePublished\":\"2024-02-06T22:27:04+00:00\",\"dateModified\":\"2024-07-16T20:18:58+00:00\",\"breadcrumb\":{\"@id\":\"https:\/\/www.solutions-mesonet.org\/produit\/texas-electronics-campbell-scientific-t525-l\/#breadcrumb\"},\"inLanguage\":\"en-US\",\"potentialAction\":[{\"@type\":\"ReadAction\",\"target\":[\"https:\/\/www.solutions-mesonet.org\/produit\/texas-electronics-campbell-scientific-t525-l\/\"]}]},{\"@type\":\"ImageObject\",\"inLanguage\":\"en-US\",\"@id\":\"https:\/\/www.solutions-mesonet.org\/produit\/texas-electronics-campbell-scientific-t525-l\/#primaryimage\",\"url\":\"https:\/\/www.solutions-mesonet.org\/wp-content\/uploads\/2024\/03\/525usw_rain_gauge_front_web_optimized.jpg\",\"contentUrl\":\"https:\/\/www.solutions-mesonet.org\/wp-content\/uploads\/2024\/03\/525usw_rain_gauge_front_web_optimized.jpg\",\"width\":642,\"height\":642},{\"@type\":\"BreadcrumbList\",\"@id\":\"https:\/\/www.solutions-mesonet.org\/produit\/texas-electronics-campbell-scientific-t525-l\/#breadcrumb\",\"itemListElement\":[{\"@type\":\"ListItem\",\"position\":1,\"name\":\"Accueil\",\"item\":\"https:\/\/www.solutions-mesonet.org\/\"},{\"@type\":\"ListItem\",\"position\":2,\"name\":\"Produits\",\"item\":\"https:\/\/www.solutions-mesonet.org\/shop\/\"},{\"@type\":\"ListItem\",\"position\":3,\"name\":\"Texas Electronics (Campbell Scientific) : T525-L\"}]},{\"@type\":\"WebSite\",\"@id\":\"https:\/\/www.solutions-mesonet.org\/#website\",\"url\":\"https:\/\/www.solutions-mesonet.org\/\",\"name\":\"Solutions Mesonet\",\"description\":\"Solutions Mesonet collects, validates, and disseminates meteorological data using world-renowned technologies.\",\"publisher\":{\"@id\":\"https:\/\/www.solutions-mesonet.org\/#organization\"},\"potentialAction\":[{\"@type\":\"SearchAction\",\"target\":{\"@type\":\"EntryPoint\",\"urlTemplate\":\"https:\/\/www.solutions-mesonet.org\/?s={search_term_string}\"},\"query-input\":{\"@type\":\"PropertyValueSpecification\",\"valueRequired\":true,\"valueName\":\"search_term_string\"}}],\"inLanguage\":\"en-US\"},{\"@type\":\"Organization\",\"@id\":\"https:\/\/www.solutions-mesonet.org\/#organization\",\"name\":\"Solutions Mesonet\",\"url\":\"https:\/\/www.solutions-mesonet.org\/\",\"logo\":{\"@type\":\"ImageObject\",\"inLanguage\":\"en-US\",\"@id\":\"https:\/\/www.solutions-mesonet.org\/#\/schema\/logo\/image\/\",\"url\":\"https:\/\/www.solutions-mesonet.org\/wp-content\/uploads\/2023\/08\/logo-solutions-mesonet.png\",\"contentUrl\":\"https:\/\/www.solutions-mesonet.org\/wp-content\/uploads\/2023\/08\/logo-solutions-mesonet.png\",\"width\":512,\"height\":194,\"caption\":\"Solutions Mesonet\"},\"image\":{\"@id\":\"https:\/\/www.solutions-mesonet.org\/#\/schema\/logo\/image\/\"},\"sameAs\":[\"https:\/\/www.facebook.com\/people\/Solutions-Mesonet\/100070470109727\/\",\"https:\/\/www.linkedin.com\/company\/solutions-mesonet\/\"]}]}<\/script>\n<!-- \/ Yoast SEO plugin. -->","yoast_head_json":{"title":"Texas Electronics (Campbell Scientific) : T525-L - Solutions Mesonet","robots":{"index":"noindex","follow":"follow","max-snippet":"max-snippet:-1","max-image-preview":"max-image-preview:large","max-video-preview":"max-video-preview:-1"},"og_locale":"en_US","og_type":"article","og_title":"Texas Electronics (Campbell Scientific) : T525-L - Solutions Mesonet","og_description":"Inclus\u00a0:    Nettoyage, lubrification (lubrifiant sec \u00e0 base de silicone) et test de lecture.  \u00c9mission d'un certificat si lecture selon les tol\u00e9rances.","og_url":"https:\/\/www.solutions-mesonet.org\/produit\/texas-electronics-campbell-scientific-t525-l\/","og_site_name":"Solutions Mesonet","article_publisher":"https:\/\/www.facebook.com\/people\/Solutions-Mesonet\/100070470109727\/","article_modified_time":"2024-07-16T20:18:58+00:00","og_image":[{"width":642,"height":642,"url":"https:\/\/www.solutions-mesonet.org\/wp-content\/uploads\/2024\/03\/525usw_rain_gauge_front_web_optimized.jpg","type":"image\/jpeg"}],"twitter_card":"summary_large_image","schema":{"@context":"https:\/\/schema.org","@graph":[{"@type":"WebPage","@id":"https:\/\/www.solutions-mesonet.org\/produit\/texas-electronics-campbell-scientific-t525-l\/","url":"https:\/\/www.solutions-mesonet.org\/produit\/texas-electronics-campbell-scientific-t525-l\/","name":"Texas Electronics (Campbell Scientific) : T525-L - Solutions Mesonet","isPartOf":{"@id":"https:\/\/www.solutions-mesonet.org\/#website"},"primaryImageOfPage":{"@id":"https:\/\/www.solutions-mesonet.org\/produit\/texas-electronics-campbell-scientific-t525-l\/#primaryimage"},"image":{"@id":"https:\/\/www.solutions-mesonet.org\/produit\/texas-electronics-campbell-scientific-t525-l\/#primaryimage"},"thumbnailUrl":"https:\/\/www.solutions-mesonet.org\/wp-content\/uploads\/2024\/03\/525usw_rain_gauge_front_web_optimized.jpg","datePublished":"2024-02-06T22:27:04+00:00","dateModified":"2024-07-16T20:18:58+00:00","breadcrumb":{"@id":"https:\/\/www.solutions-mesonet.org\/produit\/texas-electronics-campbell-scientific-t525-l\/#breadcrumb"},"inLanguage":"en-US","potentialAction":[{"@type":"ReadAction","target":["https:\/\/www.solutions-mesonet.org\/produit\/texas-electronics-campbell-scientific-t525-l\/"]}]},{"@type":"ImageObject","inLanguage":"en-US","@id":"https:\/\/www.solutions-mesonet.org\/produit\/texas-electronics-campbell-scientific-t525-l\/#primaryimage","url":"https:\/\/www.solutions-mesonet.org\/wp-content\/uploads\/2024\/03\/525usw_rain_gauge_front_web_optimized.jpg","contentUrl":"https:\/\/www.solutions-mesonet.org\/wp-content\/uploads\/2024\/03\/525usw_rain_gauge_front_web_optimized.jpg","width":642,"height":642},{"@type":"BreadcrumbList","@id":"https:\/\/www.solutions-mesonet.org\/produit\/texas-electronics-campbell-scientific-t525-l\/#breadcrumb","itemListElement":[{"@type":"ListItem","position":1,"name":"Accueil","item":"https:\/\/www.solutions-mesonet.org\/"},{"@type":"ListItem","position":2,"name":"Produits","item":"https:\/\/www.solutions-mesonet.org\/shop\/"},{"@type":"ListItem","position":3,"name":"Texas Electronics (Campbell Scientific) : T525-L"}]},{"@type":"WebSite","@id":"https:\/\/www.solutions-mesonet.org\/#website","url":"https:\/\/www.solutions-mesonet.org\/","name":"Solutions Mesonet","description":"Solutions Mesonet collects, validates, and disseminates meteorological data using world-renowned technologies.","publisher":{"@id":"https:\/\/www.solutions-mesonet.org\/#organization"},"potentialAction":[{"@type":"SearchAction","target":{"@type":"EntryPoint","urlTemplate":"https:\/\/www.solutions-mesonet.org\/?s={search_term_string}"},"query-input":{"@type":"PropertyValueSpecification","valueRequired":true,"valueName":"search_term_string"}}],"inLanguage":"en-US"},{"@type":"Organization","@id":"https:\/\/www.solutions-mesonet.org\/#organization","name":"Solutions Mesonet","url":"https:\/\/www.solutions-mesonet.org\/","logo":{"@type":"ImageObject","inLanguage":"en-US","@id":"https:\/\/www.solutions-mesonet.org\/#\/schema\/logo\/image\/","url":"https:\/\/www.solutions-mesonet.org\/wp-content\/uploads\/2023\/08\/logo-solutions-mesonet.png","contentUrl":"https:\/\/www.solutions-mesonet.org\/wp-content\/uploads\/2023\/08\/logo-solutions-mesonet.png","width":512,"height":194,"caption":"Solutions Mesonet"},"image":{"@id":"https:\/\/www.solutions-mesonet.org\/#\/schema\/logo\/image\/"},"sameAs":["https:\/\/www.facebook.com\/people\/Solutions-Mesonet\/100070470109727\/","https:\/\/www.linkedin.com\/company\/solutions-mesonet\/"]}]}},"_links":{"self":[{"href":"https:\/\/www.solutions-mesonet.org\/en\/wp-json\/wp\/v2\/product\/3272","targetHints":{"allow":["GET"]}}],"collection":[{"href":"https:\/\/www.solutions-mesonet.org\/en\/wp-json\/wp\/v2\/product"}],"about":[{"href":"https:\/\/www.solutions-mesonet.org\/en\/wp-json\/wp\/v2\/types\/product"}],"replies":[{"embeddable":true,"href":"https:\/\/www.solutions-mesonet.org\/en\/wp-json\/wp\/v2\/comments?post=3272"}],"version-history":[{"count":6,"href":"https:\/\/www.solutions-mesonet.org\/en\/wp-json\/wp\/v2\/product\/3272\/revisions"}],"predecessor-version":[{"id":3917,"href":"https:\/\/www.solutions-mesonet.org\/en\/wp-json\/wp\/v2\/product\/3272\/revisions\/3917"}],"wp:featuredmedia":[{"embeddable":true,"href":"https:\/\/www.solutions-mesonet.org\/en\/wp-json\/wp\/v2\/media\/3808"}],"wp:attachment":[{"href":"https:\/\/www.solutions-mesonet.org\/en\/wp-json\/wp\/v2\/media?parent=3272"}],"wp:term":[{"taxonomy":"product_brand","embeddable":true,"href":"https:\/\/www.solutions-mesonet.org\/en\/wp-json\/wp\/v2\/product_brand?post=3272"},{"taxonomy":"product_cat","embeddable":true,"href":"https:\/\/www.solutions-mesonet.org\/en\/wp-json\/wp\/v2\/product_cat?post=3272"},{"taxonomy":"product_tag","embeddable":true,"href":"https:\/\/www.solutions-mesonet.org\/en\/wp-json\/wp\/v2\/product_tag?post=3272"},{"taxonomy":"type_intervention","embeddable":true,"href":"https:\/\/www.solutions-mesonet.org\/en\/wp-json\/wp\/v2\/type_intervention?post=3272"}],"curies":[{"name":"wp","href":"https:\/\/api.w.org\/{rel}","templated":true}]}}